{"id":491,"date":"2026-01-25T14:13:25","date_gmt":"2026-01-25T13:13:25","guid":{"rendered":"https:\/\/specsoft.io\/?page_id=491"},"modified":"2026-02-26T15:31:00","modified_gmt":"2026-02-26T14:31:00","slug":"legal-notice-de","status":"publish","type":"page","link":"https:\/\/specsoft.io\/index.php\/legal-notice-de\/","title":{"rendered":"Impressum &amp; Datenschutz"},"content":{"rendered":"\n<p><a href=\"https:\/\/specsoft.io\/index.php\/legal-notice\/\">\u2022 English<\/a><br><a href=\"https:\/\/specsoft.io\/index.php\/legal-notice-de\/\">\u2022 Deutsch<\/a><\/p>\n\n\n\n<h1 class=\"wp-block-heading\">Impressum &amp; Datenschutz<\/h1>\n\n\n\n<h4 class=\"wp-block-heading\"><strong>Impressum &amp; Offenlegung gem\u00e4\u00df \u00a7 25 Mediengesetz und \u00a7 5 E-Commerce-Gesetz<\/strong><\/h4>\n\n\n\n<p><strong>Medieninhaber &amp; Herausgeber:<\/strong> <\/p>\n\n\n\n<p>SpecSoft.IO e.U.<\/p>\n\n\n\n<p>Toni-Schruf-Gasse 13<\/p>\n\n\n\n<p>8680 M\u00fcrzzuschlag<\/p>\n\n\n\n<p>\u00d6sterreich<\/p>\n\n\n\n<p><strong>Kontakt:<\/strong> E-Mail: contact@specsoft.io<\/p>\n\n\n\n<p><strong>Registereintrag:<\/strong> Firmenbuchnummer: FN 643771y Firmenbuchgericht: Landesgericht Leoben Rechtsform: Eingetragenes Einzelunternehmen (e.U.)<\/p>\n\n\n\n<p><strong>Unternehmensgegenstand:<\/strong> Entwicklung und Vertrieb von Software und mobilen Applikationen.<\/p>\n\n\n\n<h2 class=\"wp-block-heading\">Haftungsausschluss &amp; Rechtliches (Webseite)<\/h2>\n\n\n\n<p><strong>Haftungsausschluss (Disclaimer)<\/strong><\/p>\n\n\n\n<p><strong>Haftung f\u00fcr Inhalte<\/strong> Die Inhalte dieser Webseite wurden mit gr\u00f6\u00dftm\u00f6glicher Sorgfalt erstellt. F\u00fcr die Richtigkeit, Vollst\u00e4ndigkeit und Aktualit\u00e4t der Inhalte k\u00f6nnen wir jedoch keine Gew\u00e4hr \u00fcbernehmen. Als Diensteanbieter sind wir f\u00fcr eigene Inhalte auf diesen Seiten nach den allgemeinen Gesetzen verantwortlich.<\/p>\n\n\n\n<p><strong>Haftung f\u00fcr Links<\/strong> Unser Angebot enth\u00e4lt Links zu externen Webseiten Dritter, auf deren Inhalte wir keinen Einfluss haben. Deshalb k\u00f6nnen wir f\u00fcr diese fremden Inhalte auch keine Gew\u00e4hr \u00fcbernehmen. F\u00fcr die Inhalte der verlinkten Seiten ist stets der jeweilige Anbieter oder Betreiber der Seiten verantwortlich.<\/p>\n\n\n\n<p><strong>Urheberrecht<\/strong> Die durch den Seitenbetreiber erstellten Inhalte und Werke auf diesen Seiten (Texte, Bilder, Software) unterliegen dem \u00f6sterreichischen Urheberrecht. Die Vervielf\u00e4ltigung, Bearbeitung, Verbreitung und jede Art der Verwertung au\u00dferhalb der Grenzen des Urheberrechtes bed\u00fcrfen der schriftlichen Zustimmung des jeweiligen Autors bzw. Erstellers.<\/p>\n\n\n\n<h2 class=\"wp-block-heading\">Datenschutz (Webseite)<\/h2>\n\n\n\n<p><strong>Allgemeines<\/strong> Der Schutz Ihrer pers\u00f6nlichen Daten ist uns ein besonderes Anliegen. Wir verarbeiten Ihre Daten daher ausschlie\u00dflich auf Grundlage der gesetzlichen Bestimmungen (DSGVO, TKG 2003).<\/p>\n\n\n\n<p><strong>Kommentare<\/strong> Wenn Besucher Kommentare auf der Website schreiben, sammeln wir die Daten, die im Kommentar-Formular angezeigt werden, sowie die IP-Adresse des Besuchers und den User-Agent-String (damit wird der Browser identifiziert), um die Erkennung von Spam zu unterst\u00fctzen.<\/p>\n\n\n\n<p><strong>Cookies<\/strong> Unsere Website verwendet sogenannte Cookies. Dabei handelt es sich um kleine Textdateien, die mit Hilfe des Browsers auf Ihrem Endger\u00e4t abgelegt werden. Sie richten keinen Schaden an.<sup><\/sup><sup><\/sup> Wir nutzen Cookies dazu, unser Angebot nutzerfreundlich zu gestalten. Einige Cookies bleiben auf Ihrem Endger\u00e4t ge<sup><\/sup>speichert, bis Sie diese l\u00f6schen.<sup><\/sup> Wenn Sie eine<sup><\/sup>n Kommentar auf unserer Website schreiben, kann das eine Einwilligung sein, Ihren Namen, E-Mail-Adresse und Website in Cookies zu speichern. Dies ist eine Komfortfunktion, damit Sie nicht, wenn Sie einen weiteren Kommentar schreiben, all diese D<sup><\/sup>aten erneut eingeben m\u00fcssen.<\/p>\n\n\n\n<p><strong>Plugins &amp; Eingebettete Inhalte<\/strong> Diese Webseite verwendet Plugins (z. B. zur Spam-Erkennung oder Statistik), die Daten wie Ihre IP-Adresse verarbeiten k\u00f6nnen. Eingebettete Inhalte von anderen Websites (z. B. Videos, Bilder, Artikel etc.) verhalten sich exakt so, als ob der Besucher die andere Website besucht h\u00e4tte. Diese Websites k\u00f6nnen Daten \u00fcber Sie sammeln, Cookies benutzen, zus\u00e4tzliche Tracking-Dienste von Dritten einbetten und Ihre Interaktion mit diesem eingebetteten Inhalt aufzeichnen.<sup><\/sup><\/p>\n\n\n\n<p><strong>Ihre Re<sup><\/sup>chte<\/strong> Ihnen stehen grunds\u00e4tzlich die Rechte auf Auskunft, Berichtigung, L\u00f6schung, Einschr\u00e4nkung, Daten\u00fcbertragbarkeit, Widerruf und Widerspruch zu. Wenn Sie glauben, dass die Verarbeitung Ihrer Daten gegen das Datenschutzrecht verst\u00f6\u00dft, k\u00f6nnen <sup><\/sup>Sie sich bei uns (contact@specsoft.io) oder der Datenschutzbeh\u00f6rde beschweren.<\/p>\n\n\n\n<p><\/p>\n\n\n\n<hr class=\"wp-block-separator has-alpha-channel-opacity\"\/>\n","protected":false},"excerpt":{"rendered":"<p>\u2022 English\u2022 Deutsch Impressum &amp; Datenschutz Impressum &amp; Offenlegung gem\u00e4\u00df \u00a7 25 Mediengesetz und \u00a7 5 E-Commerce-Gesetz Medieninhaber &amp; Herausgeber: SpecSoft.IO e.U. Toni-Schruf-Gasse 13 8680 M\u00fcrzzuschlag \u00d6sterreich Kontakt: E-Mail: contact@specsoft.io Registereintrag: Firmenbuchnummer: FN 643771y Firmenbuchgericht: Landesgericht Leoben Rechtsform: Eingetragenes Einzelunternehmen (e.U.) Unternehmensgegenstand: Entwicklung und Vertrieb von Software und mobilen Applikationen. Haftungsausschluss &amp; Rechtliches (Webseite) Haftungsausschluss [&hellip;]<\/p>\n","protected":false},"author":1,"featured_media":0,"parent":0,"menu_order":999,"comment_status":"closed","ping_status":"closed","template":"","meta":{"footnotes":""},"class_list":["post-491","page","type-page","status-publish","hentry"],"blocksy_meta":[],"yoast_head":"<!-- This site is optimized with the Yoast SEO plugin v27.3 - https:\/\/yoast.com\/product\/yoast-seo-wordpress\/ -->\n<title>Impressum &amp; Datenschutz - SpecSoft.IO<\/title>\n<meta name=\"robots\" content=\"index, follow, max-snippet:-1, max-image-preview:large, max-video-preview:-1\" \/>\n<link rel=\"canonical\" href=\"https:\/\/specsoft.io\/index.php\/legal-notice-de\/\" \/>\n<meta property=\"og:locale\" content=\"en_US\" \/>\n<meta property=\"og:type\" content=\"article\" \/>\n<meta property=\"og:title\" content=\"Impressum &amp; Datenschutz - SpecSoft.IO\" \/>\n<meta property=\"og:description\" content=\"\u2022 English\u2022 Deutsch Impressum &amp; Datenschutz Impressum &amp; Offenlegung gem\u00e4\u00df \u00a7 25 Mediengesetz und \u00a7 5 E-Commerce-Gesetz Medieninhaber &amp; Herausgeber: SpecSoft.IO e.U. Toni-Schruf-Gasse 13 8680 M\u00fcrzzuschlag \u00d6sterreich Kontakt: E-Mail: contact@specsoft.io Registereintrag: Firmenbuchnummer: FN 643771y Firmenbuchgericht: Landesgericht Leoben Rechtsform: Eingetragenes Einzelunternehmen (e.U.) Unternehmensgegenstand: Entwicklung und Vertrieb von Software und mobilen Applikationen. Haftungsausschluss &amp; Rechtliches (Webseite) Haftungsausschluss [&hellip;]\" \/>\n<meta property=\"og:url\" content=\"https:\/\/specsoft.io\/index.php\/legal-notice-de\/\" \/>\n<meta property=\"og:site_name\" content=\"SpecSoft.IO\" \/>\n<meta property=\"article:publisher\" content=\"https:\/\/www.facebook.com\/profile.php?id=61556790795749\" \/>\n<meta property=\"article:modified_time\" content=\"2026-02-26T14:31:00+00:00\" \/>\n<meta name=\"twitter:card\" content=\"summary_large_image\" \/>\n<meta name=\"twitter:label1\" content=\"Est. reading time\" \/>\n\t<meta name=\"twitter:data1\" content=\"2 minutes\" \/>\n<script type=\"application\/ld+json\" class=\"yoast-schema-graph\">{\"@context\":\"https:\\\/\\\/schema.org\",\"@graph\":[{\"@type\":\"WebPage\",\"@id\":\"https:\\\/\\\/specsoft.io\\\/index.php\\\/legal-notice-de\\\/\",\"url\":\"https:\\\/\\\/specsoft.io\\\/index.php\\\/legal-notice-de\\\/\",\"name\":\"Impressum &amp; Datenschutz - SpecSoft.IO\",\"isPartOf\":{\"@id\":\"https:\\\/\\\/specsoft.io\\\/#website\"},\"datePublished\":\"2026-01-25T13:13:25+00:00\",\"dateModified\":\"2026-02-26T14:31:00+00:00\",\"breadcrumb\":{\"@id\":\"https:\\\/\\\/specsoft.io\\\/index.php\\\/legal-notice-de\\\/#breadcrumb\"},\"inLanguage\":\"en-US\",\"potentialAction\":[{\"@type\":\"ReadAction\",\"target\":[\"https:\\\/\\\/specsoft.io\\\/index.php\\\/legal-notice-de\\\/\"]}]},{\"@type\":\"BreadcrumbList\",\"@id\":\"https:\\\/\\\/specsoft.io\\\/index.php\\\/legal-notice-de\\\/#breadcrumb\",\"itemListElement\":[{\"@type\":\"ListItem\",\"position\":1,\"name\":\"Home\",\"item\":\"https:\\\/\\\/specsoft.io\\\/\"},{\"@type\":\"ListItem\",\"position\":2,\"name\":\"Impressum &amp; Datenschutz\"}]},{\"@type\":\"WebSite\",\"@id\":\"https:\\\/\\\/specsoft.io\\\/#website\",\"url\":\"https:\\\/\\\/specsoft.io\\\/\",\"name\":\"SpecSoft.IO\",\"description\":\"Special Software Projects\",\"potentialAction\":[{\"@type\":\"SearchAction\",\"target\":{\"@type\":\"EntryPoint\",\"urlTemplate\":\"https:\\\/\\\/specsoft.io\\\/?s={search_term_string}\"},\"query-input\":{\"@type\":\"PropertyValueSpecification\",\"valueRequired\":true,\"valueName\":\"search_term_string\"}}],\"inLanguage\":\"en-US\"}]}<\/script>\n<!-- \/ Yoast SEO plugin. -->","yoast_head_json":{"title":"Impressum &amp; Datenschutz - SpecSoft.IO","robots":{"index":"index","follow":"follow","max-snippet":"max-snippet:-1","max-image-preview":"max-image-preview:large","max-video-preview":"max-video-preview:-1"},"canonical":"https:\/\/specsoft.io\/index.php\/legal-notice-de\/","og_locale":"en_US","og_type":"article","og_title":"Impressum &amp; Datenschutz - SpecSoft.IO","og_description":"\u2022 English\u2022 Deutsch Impressum &amp; Datenschutz Impressum &amp; Offenlegung gem\u00e4\u00df \u00a7 25 Mediengesetz und \u00a7 5 E-Commerce-Gesetz Medieninhaber &amp; Herausgeber: SpecSoft.IO e.U. Toni-Schruf-Gasse 13 8680 M\u00fcrzzuschlag \u00d6sterreich Kontakt: E-Mail: contact@specsoft.io Registereintrag: Firmenbuchnummer: FN 643771y Firmenbuchgericht: Landesgericht Leoben Rechtsform: Eingetragenes Einzelunternehmen (e.U.) Unternehmensgegenstand: Entwicklung und Vertrieb von Software und mobilen Applikationen. Haftungsausschluss &amp; Rechtliches (Webseite) Haftungsausschluss [&hellip;]","og_url":"https:\/\/specsoft.io\/index.php\/legal-notice-de\/","og_site_name":"SpecSoft.IO","article_publisher":"https:\/\/www.facebook.com\/profile.php?id=61556790795749","article_modified_time":"2026-02-26T14:31:00+00:00","twitter_card":"summary_large_image","twitter_misc":{"Est. reading time":"2 minutes"},"schema":{"@context":"https:\/\/schema.org","@graph":[{"@type":"WebPage","@id":"https:\/\/specsoft.io\/index.php\/legal-notice-de\/","url":"https:\/\/specsoft.io\/index.php\/legal-notice-de\/","name":"Impressum &amp; Datenschutz - SpecSoft.IO","isPartOf":{"@id":"https:\/\/specsoft.io\/#website"},"datePublished":"2026-01-25T13:13:25+00:00","dateModified":"2026-02-26T14:31:00+00:00","breadcrumb":{"@id":"https:\/\/specsoft.io\/index.php\/legal-notice-de\/#breadcrumb"},"inLanguage":"en-US","potentialAction":[{"@type":"ReadAction","target":["https:\/\/specsoft.io\/index.php\/legal-notice-de\/"]}]},{"@type":"BreadcrumbList","@id":"https:\/\/specsoft.io\/index.php\/legal-notice-de\/#breadcrumb","itemListElement":[{"@type":"ListItem","position":1,"name":"Home","item":"https:\/\/specsoft.io\/"},{"@type":"ListItem","position":2,"name":"Impressum &amp; Datenschutz"}]},{"@type":"WebSite","@id":"https:\/\/specsoft.io\/#website","url":"https:\/\/specsoft.io\/","name":"SpecSoft.IO","description":"Special Software Projects","potentialAction":[{"@type":"SearchAction","target":{"@type":"EntryPoint","urlTemplate":"https:\/\/specsoft.io\/?s={search_term_string}"},"query-input":{"@type":"PropertyValueSpecification","valueRequired":true,"valueName":"search_term_string"}}],"inLanguage":"en-US"}]}},"_links":{"self":[{"href":"https:\/\/specsoft.io\/index.php\/wp-json\/wp\/v2\/pages\/491","targetHints":{"allow":["GET"]}}],"collection":[{"href":"https:\/\/specsoft.io\/index.php\/wp-json\/wp\/v2\/pages"}],"about":[{"href":"https:\/\/specsoft.io\/index.php\/wp-json\/wp\/v2\/types\/page"}],"author":[{"embeddable":true,"href":"https:\/\/specsoft.io\/index.php\/wp-json\/wp\/v2\/users\/1"}],"replies":[{"embeddable":true,"href":"https:\/\/specsoft.io\/index.php\/wp-json\/wp\/v2\/comments?post=491"}],"version-history":[{"count":3,"href":"https:\/\/specsoft.io\/index.php\/wp-json\/wp\/v2\/pages\/491\/revisions"}],"predecessor-version":[{"id":588,"href":"https:\/\/specsoft.io\/index.php\/wp-json\/wp\/v2\/pages\/491\/revisions\/588"}],"wp:attachment":[{"href":"https:\/\/specsoft.io\/index.php\/wp-json\/wp\/v2\/media?parent=491"}],"curies":[{"name":"wp","href":"https:\/\/api.w.org\/{rel}","templated":true}]}}