{"id":403,"date":"2026-01-21T11:19:20","date_gmt":"2026-01-21T10:19:20","guid":{"rendered":"https:\/\/specsoft.io\/?page_id=403"},"modified":"2026-02-26T16:53:43","modified_gmt":"2026-02-26T15:53:43","slug":"privacy-policy-applications-de","status":"publish","type":"page","link":"https:\/\/specsoft.io\/index.php\/privacy-policy-applications-de\/","title":{"rendered":"Datenschutzerkl\u00e4rung Applikationen"},"content":{"rendered":"\n<p><a href=\"https:\/\/specsoft.io\/index.php\/privacy-policy-applications\/\">\u2022 English<\/a><br><a href=\"https:\/\/specsoft.io\/index.php\/privacy-policy-applications-de\/\">\u2022 Deutsch<\/a><\/p>\n\n\n\n<h1 class=\"wp-block-heading\">Datenschutzerkl\u00e4rung f\u00fcr Applikationen von SpecSoft.IO<\/h1>\n\n\n\n<p><em><strong>Wir sch\u00e4tzen Privatsph\u00e4re genauso sehr wie Sie. Daher beschr\u00e4nken wir die Erhebung und Nutzung von Daten auf das, was notwendig ist, um unsere Apps bereitzustellen und zu verbessern.<\/strong><\/em><\/p>\n\n\n\n<h2 class=\"wp-block-heading\"><strong>Datum des Inkrafttretens:<\/strong><\/h2>\n\n\n\n<p>Februar 2026<\/p>\n\n\n\n<p>Bei SpecSoft.IO legen wir gro\u00dfen Wert auf Ihre Privatsph\u00e4re. Diese Datenschutzerkl\u00e4rung beschreibt, wie wir Informationen sammeln, nutzen und weitergeben, wenn Sie unsere Android-Apps verwenden. Durch die Nutzung unserer Apps stimmen Sie der Erhebung und Nutzung von Informationen gem\u00e4\u00df dieser Richtlinie zu.<\/p>\n\n\n\n<h2 class=\"wp-block-heading\"><strong>Erhebung und Nutzung von Informationen<\/strong><\/h2>\n\n\n\n<p><strong>Personenbezogene Daten:<\/strong> Unsere Apps sammeln oder speichern keine personenbezogenen Daten, sofern dies nicht ausdr\u00fccklich angegeben ist. Wir verkaufen, vermieten oder teilen Ihre pers\u00f6nlichen Informationen nicht mit Dritten.<\/p>\n\n\n\n<p><strong>Nicht-personenbezogene Daten:<\/strong> Wir k\u00f6nnen nicht-personenbezogene Daten wie den Ger\u00e4tetyp, das Betriebssystem und Absturzberichte (Crash Reports) sammeln, um die Funktionalit\u00e4t und Leistung unserer Apps zu verbessern.<\/p>\n\n\n\n<p><strong>Standortdaten:<\/strong> Einige von SpecSoft.IO entwickelte Apps k\u00f6nnen auf Standortdaten zugreifen, um die Benutzererfahrung zu verbessern. Wir speichern oder bewahren keine privaten Standortdaten auf. Standortdaten werden ausschlie\u00dflich f\u00fcr die Funktionalit\u00e4t der App verwendet (z. B. standortbasierte Dienste).<\/p>\n\n\n\n<h2 class=\"wp-block-heading\"><strong>Verwendung von Informationen<\/strong><\/h2>\n\n\n\n<p>Wir verwenden die gesammelten Informationen, um die Funktionalit\u00e4t unserer Apps zu verbessern, eine bessere Benutzererfahrung zu bieten und personalisierte Inhalte oder Werbung bereitzustellen. Wir verkaufen, vermieten oder teilen keine pers\u00f6nlichen Informationen mit Dritten, au\u00dfer wenn dies gesetzlich vorgeschrieben ist oder wie in dieser Datenschutzerkl\u00e4rung beschrieben.<\/p>\n\n\n\n<h2 class=\"wp-block-heading\"><strong><strong>Werbung<\/strong><\/strong><\/h2>\n\n\n\n<p>Unsere Android-Apps k\u00f6nnen Werbung \u00fcber Google AdMob anzeigen, eine von Google bereitgestellte mobile Werbeplattform. AdMob kann Daten gem\u00e4\u00df seiner eigenen Datenschutzerkl\u00e4rung sammeln und verarbeiten: AdMob kann Informationen wie die Werbe-ID Ihres Ger\u00e4ts, die IP-Adresse und Interaktionen mit Anzeigen erfassen, um personalisierte Werbung bereitzustellen. Sie k\u00f6nnen Ihre Werbepr\u00e4ferenzen jederzeit \u00fcber die App- oder Ger\u00e4teeinstellungen oder durch den Besuch der Google Ads Settings verwalten.<\/p>\n\n\n\n<p><strong>Benutzereinwilligung f\u00fcr personalisierte Werbung:<\/strong> Benutzern in bestimmten Regionen (z. B. EWR, UK, USA) wird m\u00f6glicherweise eine Aufforderung zur Einwilligung f\u00fcr personalisierte Werbung angezeigt, wie es die lokalen Datenschutzgesetze erfordern. Sie k\u00f6nnen Ihre Einstellungen jederzeit verwalten.<\/p>\n\n\n\n<h2 class=\"wp-block-heading\"><strong><strong><strong>In-App-K\u00e4ufe und Abonnements<\/strong><\/strong><\/strong><\/h2>\n\n\n\n<p>Einige unserer Apps bieten Premium-Funktionen, virtuelle G\u00fcter oder Abonnements (z. B. Wochenpass, Monatsabo) zum Kauf an.<\/p>\n\n\n\n<ul class=\"wp-block-list\">\n<li><strong>Zahlungsabwicklung:<\/strong> Alle Finanztransaktionen werden sicher und direkt \u00fcber den jeweiligen App-Store-Anbieter (Google Play Store) abgewickelt.<\/li>\n\n\n\n<li><strong>Datenumgang:<\/strong> SpecSoft.IO erhebt, speichert oder verarbeitet <strong>keine<\/strong> Kreditkartendaten, Bankverbindungen oder Abrechnungsinformationen. Wir erhalten und speichern lediglich Informationen zum Status der Transaktion (z. B. \u201eAktives Abonnement\u201c, Ablaufdatum), um die erworbenen Funktionen in der App freizuschalten.<\/li>\n<\/ul>\n\n\n\n<h2 class=\"wp-block-heading\">Firebase-Dienste<\/h2>\n\n\n\n<p>Unsere Anwendungen verwenden Dienste von Google Firebase, insbesondere Firebase Analytics und Firebase Remote Config.<\/p>\n\n\n\n<p>Diese Dienste helfen uns dabei, die Nutzung der App zu analysieren, Funktionen zu verbessern, die Stabilit\u00e4t sicherzustellen, die Benutzererfahrung zu optimieren sowie den nachhaltigen und wirtschaftlichen Betrieb unserer Anwendungen zu gew\u00e4hrleisten.<\/p>\n\n\n\n<p><strong>Erhobene Daten<\/strong>: Firebase kann automatisch bestimmte technische und nutzungsbezogene Informationen erfassen, darunter:<\/p>\n\n\n\n<ul class=\"wp-block-list\">\n<li>Ger\u00e4tetyp und Betriebssystemversion<\/li>\n\n\n\n<li>App-Version und Konfigurationsdaten<\/li>\n\n\n\n<li>App-Instanz-Kennungen<\/li>\n\n\n\n<li>Nutzungsereignisse (z. B. App-Start, Interaktionen mit Funktionen)<\/li>\n\n\n\n<li>Leistungs- und Stabilit\u00e4tsdaten<\/li>\n<\/ul>\n\n\n\n<p>Diese Daten erm\u00f6glichen keine direkte Identifizierung Ihrer Person.<\/p>\n\n\n\n<p><strong>Zweck der Verarbeitung<\/strong>: Die erhobenen Informationen dienen dazu:<\/p>\n\n\n\n<ul class=\"wp-block-list\">\n<li>Die App technisch zu verbessern<\/li>\n\n\n\n<li>Sicherheit und Stabilit\u00e4t zu gew\u00e4hrleisten<\/li>\n\n\n\n<li>Funktionen zu konfigurieren und zu optimieren<\/li>\n\n\n\n<li>Den wirtschaftlichen Betrieb unserer Anwendungen sicherzustellen<\/li>\n<\/ul>\n\n\n\n<p><strong>Verarbeitung durch Dritte<\/strong>: Die Firebase-Dienste werden von Google LLC bereitgestellt. Dabei k\u00f6nnen Daten auch auf Servern au\u00dferhalb Ihres Wohnsitzlandes verarbeitet werden.<\/p>\n\n\n\n<p>Weitere Informationen zum Datenschutz bei Google finden Sie unter:<\/p>\n\n\n\n<p><a href=\"https:\/\/policies.google.com\/privacy\">https:\/\/policies.google.com\/privacy<\/a><\/p>\n\n\n\n<p><a href=\"https:\/\/firebase.google.com\/support\/privacy\">https:\/\/firebase.google.com\/support\/privacy<\/a><\/p>\n\n\n\n<h2 class=\"wp-block-heading\"><strong><strong><strong><strong>Globale Datenschutzgesetze<\/strong><\/strong><\/strong><\/strong><\/h2>\n\n\n\n<p>Wir halten uns an geltende Datenschutzgesetze und -vorschriften, einschlie\u00dflich, aber nicht beschr\u00e4nkt auf z. B. DSGVO (GDPR), CCPA und andere. Durch die Nutzung unserer Apps stimmen Sie der Erhebung und Verarbeitung Ihrer Daten gem\u00e4\u00df dieser Datenschutzerkl\u00e4rung zu, wie es die geltenden Gesetze und Vorschriften Ihrer Gerichtsbarkeit erfordern.<\/p>\n\n\n\n<h2 class=\"wp-block-heading\"><strong><strong><strong><strong><strong>APIs<\/strong><\/strong><\/strong><\/strong><\/strong><\/h2>\n\n\n\n<p>Von SpecSoft.IO entwickelte Android-Apps k\u00f6nnen Drittanbieter-APIs nutzen, um die volle Funktionalit\u00e4t bereitzustellen. Jegliche Daten, die mit Google APIs ausgetauscht werden, werden streng f\u00fcr die beabsichtigten Zwecke der jeweiligen Apps verwendet, und wir speichern oder sammeln keine Benutzerdaten daraus.<\/p>\n\n\n\n<h2 class=\"wp-block-heading\"><strong><strong><strong><strong><strong><strong>Benachrichtigungen<\/strong><\/strong><\/strong><\/strong><\/strong><\/strong><\/h2>\n\n\n\n<p>Unsere Apps k\u00f6nnen Benachrichtigungen anzeigen, um Sie \u00fcber relevante Inhalte oder Erinnerungen zu informieren. Die Erlaubnis hierf\u00fcr wird nur mit Ihrer ausdr\u00fccklichen Zustimmung erteilt. Sie k\u00f6nnen Benachrichtigungen jederzeit in Ihren Systemeinstellungen deaktivieren.<\/p>\n\n\n\n<h2 class=\"wp-block-heading\"><strong><strong><strong><strong><strong><strong><strong>\u00c4nderungen an dieser Datenschutzerkl\u00e4rung<\/strong><\/strong><\/strong><\/strong><\/strong><\/strong><\/strong><\/h2>\n\n\n\n<p>Wir behalten uns das Recht vor, diese Datenschutzerkl\u00e4rung jederzeit zu aktualisieren. Alle \u00c4nderungen werden sofort nach Ver\u00f6ffentlichung der \u00fcberarbeiteten Datenschutzerkl\u00e4rung wirksam.<\/p>\n\n\n\n<h2 class=\"wp-block-heading\"><strong><strong><strong><strong><strong><strong><strong><strong>Kontakt<\/strong><\/strong><\/strong><\/strong><\/strong><\/strong><\/strong><\/strong><\/h2>\n\n\n\n<p>Wenn Sie Fragen zu dieser Richtlinie haben, kontaktieren Sie uns bitte unter contact@specsoft.io.<\/p>\n\n\n\n<p>Durch die Nutzung unserer Apps stimmen Sie den in dieser Datenschutzerkl\u00e4rung dargelegten Bedingungen zu. Wenn Sie mit den Bedingungen nicht einverstanden sind, nutzen Sie bitte die von SpecSoft.IO entwickelten Apps nicht.<\/p>\n","protected":false},"excerpt":{"rendered":"<p>\u2022 English\u2022 Deutsch Datenschutzerkl\u00e4rung f\u00fcr Applikationen von SpecSoft.IO Wir sch\u00e4tzen Privatsph\u00e4re genauso sehr wie Sie. Daher beschr\u00e4nken wir die Erhebung und Nutzung von Daten auf das, was notwendig ist, um unsere Apps bereitzustellen und zu verbessern. Datum des Inkrafttretens: Februar 2026 Bei SpecSoft.IO legen wir gro\u00dfen Wert auf Ihre Privatsph\u00e4re. Diese Datenschutzerkl\u00e4rung beschreibt, wie wir [&hellip;]<\/p>\n","protected":false},"author":1,"featured_media":0,"parent":0,"menu_order":990,"comment_status":"closed","ping_status":"closed","template":"","meta":{"footnotes":""},"class_list":["post-403","page","type-page","status-publish","hentry"],"blocksy_meta":[],"yoast_head":"<!-- This site is optimized with the Yoast SEO plugin v27.3 - https:\/\/yoast.com\/product\/yoast-seo-wordpress\/ -->\n<title>Datenschutzerkl\u00e4rung Applikationen - SpecSoft.IO<\/title>\n<meta name=\"robots\" content=\"index, follow, max-snippet:-1, max-image-preview:large, max-video-preview:-1\" \/>\n<link rel=\"canonical\" href=\"https:\/\/specsoft.io\/index.php\/privacy-policy-applications-de\/\" \/>\n<meta property=\"og:locale\" content=\"en_US\" \/>\n<meta property=\"og:type\" content=\"article\" \/>\n<meta property=\"og:title\" content=\"Datenschutzerkl\u00e4rung Applikationen - SpecSoft.IO\" \/>\n<meta property=\"og:description\" content=\"\u2022 English\u2022 Deutsch Datenschutzerkl\u00e4rung f\u00fcr Applikationen von SpecSoft.IO Wir sch\u00e4tzen Privatsph\u00e4re genauso sehr wie Sie. Daher beschr\u00e4nken wir die Erhebung und Nutzung von Daten auf das, was notwendig ist, um unsere Apps bereitzustellen und zu verbessern. Datum des Inkrafttretens: Februar 2026 Bei SpecSoft.IO legen wir gro\u00dfen Wert auf Ihre Privatsph\u00e4re. Diese Datenschutzerkl\u00e4rung beschreibt, wie wir [&hellip;]\" \/>\n<meta property=\"og:url\" content=\"https:\/\/specsoft.io\/index.php\/privacy-policy-applications-de\/\" \/>\n<meta property=\"og:site_name\" content=\"SpecSoft.IO\" \/>\n<meta property=\"article:publisher\" content=\"https:\/\/www.facebook.com\/profile.php?id=61556790795749\" \/>\n<meta property=\"article:modified_time\" content=\"2026-02-26T15:53:43+00:00\" \/>\n<meta name=\"twitter:card\" content=\"summary_large_image\" \/>\n<meta name=\"twitter:label1\" content=\"Est. reading time\" \/>\n\t<meta name=\"twitter:data1\" content=\"4 minutes\" \/>\n<script type=\"application\/ld+json\" class=\"yoast-schema-graph\">{\"@context\":\"https:\\\/\\\/schema.org\",\"@graph\":[{\"@type\":\"WebPage\",\"@id\":\"https:\\\/\\\/specsoft.io\\\/index.php\\\/privacy-policy-applications-de\\\/\",\"url\":\"https:\\\/\\\/specsoft.io\\\/index.php\\\/privacy-policy-applications-de\\\/\",\"name\":\"Datenschutzerkl\u00e4rung Applikationen - SpecSoft.IO\",\"isPartOf\":{\"@id\":\"https:\\\/\\\/specsoft.io\\\/#website\"},\"datePublished\":\"2026-01-21T10:19:20+00:00\",\"dateModified\":\"2026-02-26T15:53:43+00:00\",\"breadcrumb\":{\"@id\":\"https:\\\/\\\/specsoft.io\\\/index.php\\\/privacy-policy-applications-de\\\/#breadcrumb\"},\"inLanguage\":\"en-US\",\"potentialAction\":[{\"@type\":\"ReadAction\",\"target\":[\"https:\\\/\\\/specsoft.io\\\/index.php\\\/privacy-policy-applications-de\\\/\"]}]},{\"@type\":\"BreadcrumbList\",\"@id\":\"https:\\\/\\\/specsoft.io\\\/index.php\\\/privacy-policy-applications-de\\\/#breadcrumb\",\"itemListElement\":[{\"@type\":\"ListItem\",\"position\":1,\"name\":\"Home\",\"item\":\"https:\\\/\\\/specsoft.io\\\/\"},{\"@type\":\"ListItem\",\"position\":2,\"name\":\"Datenschutzerkl\u00e4rung Applikationen\"}]},{\"@type\":\"WebSite\",\"@id\":\"https:\\\/\\\/specsoft.io\\\/#website\",\"url\":\"https:\\\/\\\/specsoft.io\\\/\",\"name\":\"SpecSoft.IO\",\"description\":\"Special Software Projects\",\"potentialAction\":[{\"@type\":\"SearchAction\",\"target\":{\"@type\":\"EntryPoint\",\"urlTemplate\":\"https:\\\/\\\/specsoft.io\\\/?s={search_term_string}\"},\"query-input\":{\"@type\":\"PropertyValueSpecification\",\"valueRequired\":true,\"valueName\":\"search_term_string\"}}],\"inLanguage\":\"en-US\"}]}<\/script>\n<!-- \/ Yoast SEO plugin. -->","yoast_head_json":{"title":"Datenschutzerkl\u00e4rung Applikationen - SpecSoft.IO","robots":{"index":"index","follow":"follow","max-snippet":"max-snippet:-1","max-image-preview":"max-image-preview:large","max-video-preview":"max-video-preview:-1"},"canonical":"https:\/\/specsoft.io\/index.php\/privacy-policy-applications-de\/","og_locale":"en_US","og_type":"article","og_title":"Datenschutzerkl\u00e4rung Applikationen - SpecSoft.IO","og_description":"\u2022 English\u2022 Deutsch Datenschutzerkl\u00e4rung f\u00fcr Applikationen von SpecSoft.IO Wir sch\u00e4tzen Privatsph\u00e4re genauso sehr wie Sie. Daher beschr\u00e4nken wir die Erhebung und Nutzung von Daten auf das, was notwendig ist, um unsere Apps bereitzustellen und zu verbessern. Datum des Inkrafttretens: Februar 2026 Bei SpecSoft.IO legen wir gro\u00dfen Wert auf Ihre Privatsph\u00e4re. Diese Datenschutzerkl\u00e4rung beschreibt, wie wir [&hellip;]","og_url":"https:\/\/specsoft.io\/index.php\/privacy-policy-applications-de\/","og_site_name":"SpecSoft.IO","article_publisher":"https:\/\/www.facebook.com\/profile.php?id=61556790795749","article_modified_time":"2026-02-26T15:53:43+00:00","twitter_card":"summary_large_image","twitter_misc":{"Est. reading time":"4 minutes"},"schema":{"@context":"https:\/\/schema.org","@graph":[{"@type":"WebPage","@id":"https:\/\/specsoft.io\/index.php\/privacy-policy-applications-de\/","url":"https:\/\/specsoft.io\/index.php\/privacy-policy-applications-de\/","name":"Datenschutzerkl\u00e4rung Applikationen - SpecSoft.IO","isPartOf":{"@id":"https:\/\/specsoft.io\/#website"},"datePublished":"2026-01-21T10:19:20+00:00","dateModified":"2026-02-26T15:53:43+00:00","breadcrumb":{"@id":"https:\/\/specsoft.io\/index.php\/privacy-policy-applications-de\/#breadcrumb"},"inLanguage":"en-US","potentialAction":[{"@type":"ReadAction","target":["https:\/\/specsoft.io\/index.php\/privacy-policy-applications-de\/"]}]},{"@type":"BreadcrumbList","@id":"https:\/\/specsoft.io\/index.php\/privacy-policy-applications-de\/#breadcrumb","itemListElement":[{"@type":"ListItem","position":1,"name":"Home","item":"https:\/\/specsoft.io\/"},{"@type":"ListItem","position":2,"name":"Datenschutzerkl\u00e4rung Applikationen"}]},{"@type":"WebSite","@id":"https:\/\/specsoft.io\/#website","url":"https:\/\/specsoft.io\/","name":"SpecSoft.IO","description":"Special Software Projects","potentialAction":[{"@type":"SearchAction","target":{"@type":"EntryPoint","urlTemplate":"https:\/\/specsoft.io\/?s={search_term_string}"},"query-input":{"@type":"PropertyValueSpecification","valueRequired":true,"valueName":"search_term_string"}}],"inLanguage":"en-US"}]}},"_links":{"self":[{"href":"https:\/\/specsoft.io\/index.php\/wp-json\/wp\/v2\/pages\/403","targetHints":{"allow":["GET"]}}],"collection":[{"href":"https:\/\/specsoft.io\/index.php\/wp-json\/wp\/v2\/pages"}],"about":[{"href":"https:\/\/specsoft.io\/index.php\/wp-json\/wp\/v2\/types\/page"}],"author":[{"embeddable":true,"href":"https:\/\/specsoft.io\/index.php\/wp-json\/wp\/v2\/users\/1"}],"replies":[{"embeddable":true,"href":"https:\/\/specsoft.io\/index.php\/wp-json\/wp\/v2\/comments?post=403"}],"version-history":[{"count":30,"href":"https:\/\/specsoft.io\/index.php\/wp-json\/wp\/v2\/pages\/403\/revisions"}],"predecessor-version":[{"id":604,"href":"https:\/\/specsoft.io\/index.php\/wp-json\/wp\/v2\/pages\/403\/revisions\/604"}],"wp:attachment":[{"href":"https:\/\/specsoft.io\/index.php\/wp-json\/wp\/v2\/media?parent=403"}],"curies":[{"name":"wp","href":"https:\/\/api.w.org\/{rel}","templated":true}]}}